{"id":33,"date":"2021-01-08T20:59:05","date_gmt":"2021-01-08T20:59:05","guid":{"rendered":"http:\/\/www.obcanskestavby.cz\/?page_id=33"},"modified":"2021-12-01T21:11:45","modified_gmt":"2021-12-01T21:11:45","slug":"kontakt","status":"publish","type":"page","link":"https:\/\/www.obcanskestavby.cz\/index.php\/kontakt\/","title":{"rendered":"KONTAKT"},"content":{"rendered":"<div data-colibri-id=\"33-c1\" class=\"style-808 style-local-33-c1 position-relative\">\n  <!---->\n  <div data-colibri-component=\"section\" data-colibri-id=\"33-c2\" id=\"contact\" class=\"h-section h-section-global-spacing d-flex align-items-lg-center align-items-md-center align-items-center style-813 style-local-33-c2 position-relative\">\n    <!---->\n    <!---->\n    <div class=\"h-section-grid-container h-section-boxed-container\">\n      <!---->\n      <div data-colibri-id=\"33-c3\" class=\"h-row-container gutters-row-lg-0 gutters-row-md-0 gutters-row-2 gutters-row-v-lg-0 gutters-row-v-md-0 gutters-row-v-2 style-814 style-local-33-c3 position-relative\">\n        <!---->\n        <div class=\"h-row justify-content-lg-center justify-content-md-center justify-content-center align-items-lg-center align-items-md-center align-items-center gutters-col-lg-0 gutters-col-md-0 gutters-col-2 gutters-col-v-lg-0 gutters-col-v-md-0 gutters-col-v-2\">\n          <!---->\n          <div class=\"h-column h-column-container d-flex h-col-lg-auto h-col-md-auto h-col-auto align-self-lg-center align-self-md-center align-self-center style-815-outer style-local-33-c4-outer\">\n            <div data-colibri-id=\"33-c4\" class=\"d-flex h-flex-basis h-column__inner h-px-lg-3 h-px-md-3 h-px-2 v-inner-lg-3 v-inner-md-3 v-inner-2 style-815 style-local-33-c4 position-relative\">\n              <!---->\n              <!---->\n              <div class=\"w-100 h-y-container h-column__content h-column__v-align flex-basis-100 align-self-lg-start align-self-md-start align-self-start\">\n                <!---->\n                <div data-colibri-id=\"33-c5\" class=\"h-row-container gutters-row-lg-0 gutters-row-md-0 gutters-row-0 gutters-row-v-lg-0 gutters-row-v-md-0 gutters-row-v-0 style-816 style-local-33-c5 position-relative\">\n                  <!---->\n                  <div class=\"h-row justify-content-lg-center justify-content-md-center justify-content-center align-items-lg-stretch align-items-md-stretch align-items-stretch gutters-col-lg-0 gutters-col-md-0 gutters-col-0 gutters-col-v-lg-0 gutters-col-v-md-0 gutters-col-v-0\">\n                    <!---->\n                    <div class=\"h-column h-column-container d-flex h-col-lg-12 h-col-md-12 h-col-12 style-817-outer style-local-33-c6-outer\">\n                      <div data-colibri-id=\"33-c6\" class=\"d-flex h-flex-basis h-column__inner h-px-lg-0 h-px-md-0 h-px-0 v-inner-lg-0 v-inner-md-0 v-inner-0 style-817 style-local-33-c6 position-relative\">\n                        <!---->\n                        <!---->\n                        <div class=\"w-100 h-y-container h-column__content h-column__v-align flex-basis-100 align-self-lg-start align-self-md-start align-self-start\">\n                          <!---->\n                          <div data-colibri-id=\"33-c7\" class=\"h-global-transition-all h-heading style-818 style-local-33-c7 position-relative h-element\">\n                            <!---->\n                            <div class=\"h-heading__outer style-818 style-local-33-c7\">\n                              <!---->\n                              <!---->\n                              <h3 class=\"\">Ob\u010dansk\u00e9 stavby spol. s r. o.<\/h3>\n                            <\/div>\n                          <\/div>\n                          <div data-colibri-id=\"33-c8\" class=\"h-lead h-text h-text-component style-819 style-local-33-c8 position-relative h-element\">\n                            <!---->\n                            <!---->\n                            <div class=\"\">\n                              <p><span style=\"font-weight: 400;\">S\u00eddlo pole\u010dnosti:<\/span> L\u00edt\u00e9 \u010d.p. 1, 331 52 L\u00edt\u00e9\n                                <br><span style=\"font-size: 83%;\">Spole\u010dnost je registrovan\u00e1 v obchodn\u00edm rejst\u0159\u00edku, veden\u00fdm u Krajsk\u00e9ho soudu v Plzni, odd\u00edl C., vlo\u017eka 8321<\/span><\/p>\n                              <p><span style=\"font-weight: 400;\">I\u010cO:<\/span> 25204793, <span style=\"font-weight: 400;\">DI\u010c:<\/span> CZ25204793<\/p>\n                              <p><span style=\"font-weight: 400;\">Tel.\/fax:<\/span> +420 373 394 600<\/p>\n                              <p><span style=\"font-weight: 400;\">E-mail<\/span>:\n                                <a href=\"mailto:info@obcanskestavby.cz\">info@obcanskestavby.cz<\/a>\n                              <\/p>\n                              <p><span style=\"font-weight: 400;\">Jednatel:<\/span> Kamil Koudele<span style=\"font-weight: 400;\"><br>Tel.:<\/span> +420 724 169 045,&nbsp;<span style=\"font-weight: 400;\">E-mail:<\/span>\n                                <a href=\"mailto:koudele@obcanskestavby.cz\">koudele@obcanskestavby.cz<\/a>\n                              <\/p>\n                              <p><span style=\"font-weight: 400;\">Jednatelka:<\/span> Lenka Koudelov\u00e1<span style=\"font-weight: 400;\"><br>Tel.:<\/span> +420 723 088 302,&nbsp;<span style=\"font-weight: 400;\">E-mail:<\/span>\n                                <a href=\"mailto:koudelova@obcanskestavby.cz\">koudelova@obcanskestavby.cz<\/a>\n                              <\/p>\n                              <p><span style=\"font-weight: 400;\">Autodoprava:<\/span> Stanislav Bern\u00e1\u0161ek <span style=\"font-weight: 400;\"><br>Tel.:<\/span> +420 602 156 780<\/p>\n                            <\/div>\n                          <\/div>\n                        <\/div>\n                      <\/div>\n                    <\/div>\n                  <\/div>\n                <\/div>\n                <div data-colibri-id=\"33-c9\" class=\"h-row-container gutters-row-lg-0 gutters-row-md-0 gutters-row-0 gutters-row-v-lg-0 gutters-row-v-md-0 gutters-row-v-0 style-870 style-local-33-c9 position-relative\">\n                  <!---->\n                  <div class=\"h-row justify-content-lg-center justify-content-md-center justify-content-center align-items-lg-stretch align-items-md-stretch align-items-stretch gutters-col-lg-0 gutters-col-md-0 gutters-col-0 gutters-col-v-lg-0 gutters-col-v-md-0 gutters-col-v-0\">\n                    <!---->\n                    <div class=\"h-column h-column-container d-flex h-col-lg-auto h-col-md-auto h-col-auto style-871-outer style-local-33-c10-outer\">\n                      <div data-colibri-id=\"33-c10\" class=\"d-flex h-flex-basis h-column__inner h-px-lg-0 h-px-md-0 h-px-0 v-inner-lg-0 v-inner-md-0 v-inner-0 style-871 style-local-33-c10 position-relative\">\n                        <!---->\n                        <!---->\n                        <div class=\"w-100 h-y-container h-column__content h-column__v-align flex-basis-100 align-self-lg-start align-self-md-start align-self-start\">\n                          <!---->\n                          <div data-colibri-id=\"33-c11\" class=\"d-block style-873 style-local-33-c11 position-relative h-element\">\n                            <!---->\n                            <div class=\"h-image__frame-container-outer\">\n                              <a href=\"https:\/\/mapy.cz\/zakladni?x=13.2599201&amp;y=49.9116549&amp;z=17&amp;source=firm&amp;id=476407\" h-use-smooth-scroll=\"true\" class=\"image-link\">\n                                <div class=\"h-image__frame-container\">\n                                  <!---->\n                                  <!---->\n                                  <img loading=\"lazy\" width=\"2477\" height=\"1117\" src=\"http:\/\/www.obcanskestavby.cz\/wp-content\/uploads\/2021\/12\/mapa2.png\" class=\"wp-image-1990 style-873-image style-local-33-c11-image\" srcset=\"https:\/\/www.obcanskestavby.cz\/wp-content\/uploads\/2021\/12\/mapa2.png 2477w, https:\/\/www.obcanskestavby.cz\/wp-content\/uploads\/2021\/12\/mapa2-300x135.png 300w, https:\/\/www.obcanskestavby.cz\/wp-content\/uploads\/2021\/12\/mapa2-1024x462.png 1024w, https:\/\/www.obcanskestavby.cz\/wp-content\/uploads\/2021\/12\/mapa2-768x346.png 768w, https:\/\/www.obcanskestavby.cz\/wp-content\/uploads\/2021\/12\/mapa2-1536x693.png 1536w, https:\/\/www.obcanskestavby.cz\/wp-content\/uploads\/2021\/12\/mapa2-2048x924.png 2048w\" sizes=\"(max-width: 2477px) 100vw, 2477px\" alt=\"\" \/>\n                                  <div class=\"h-image__frame h-hide-lg h-hide-md h-hide-sm style-873-frameImage style-local-33-c11-frameImage\"><\/div>\n                                <\/div>\n                              <\/a>\n                            <\/div>\n                          <\/div>\n                        <\/div>\n                      <\/div>\n                    <\/div>\n                  <\/div>\n                <\/div>\n              <\/div>\n            <\/div>\n          <\/div>\n        <\/div>\n      <\/div>\n    <\/div>\n  <\/div>\n<\/div>","protected":false},"excerpt":{"rendered":"<p>Ob\u010dansk\u00e9 stavby spol. s r. o. S\u00eddlo pole\u010dnosti: L\u00edt\u00e9 \u010d.p. 1, 331 52 L\u00edt\u00e9 Spole\u010dnost je registrovan\u00e1 v obchodn\u00edm rejst\u0159\u00edku, veden\u00fdm u Krajsk\u00e9ho soudu v Plzni, odd\u00edl C., vlo\u017eka 8321 I\u010cO: 25204793, DI\u010c: CZ25204793 Tel.\/fax: +420 373 394 600 E-mail: info@obcanskestavby.cz Jednatel: Kamil KoudeleTel.: +420 724 169 045,&nbsp;E-mail: koudele@obcanskestavby.cz Jednatelka: Lenka Koudelov\u00e1Tel.: +420 723 088 [&hellip;]<\/p>\n","protected":false},"author":1,"featured_media":0,"parent":0,"menu_order":0,"comment_status":"closed","ping_status":"closed","template":"page-templates\/full-width-page.php","meta":[],"_links":{"self":[{"href":"https:\/\/www.obcanskestavby.cz\/index.php\/wp-json\/wp\/v2\/pages\/33"}],"collection":[{"href":"https:\/\/www.obcanskestavby.cz\/index.php\/wp-json\/wp\/v2\/pages"}],"about":[{"href":"https:\/\/www.obcanskestavby.cz\/index.php\/wp-json\/wp\/v2\/types\/page"}],"author":[{"embeddable":true,"href":"https:\/\/www.obcanskestavby.cz\/index.php\/wp-json\/wp\/v2\/users\/1"}],"replies":[{"embeddable":true,"href":"https:\/\/www.obcanskestavby.cz\/index.php\/wp-json\/wp\/v2\/comments?post=33"}],"version-history":[{"count":21,"href":"https:\/\/www.obcanskestavby.cz\/index.php\/wp-json\/wp\/v2\/pages\/33\/revisions"}],"predecessor-version":[{"id":2981,"href":"https:\/\/www.obcanskestavby.cz\/index.php\/wp-json\/wp\/v2\/pages\/33\/revisions\/2981"}],"wp:attachment":[{"href":"https:\/\/www.obcanskestavby.cz\/index.php\/wp-json\/wp\/v2\/media?parent=33"}],"curies":[{"name":"wp","href":"https:\/\/api.w.org\/{rel}","templated":true}]}}