{"id":82,"date":"2021-01-08T22:14:55","date_gmt":"2021-01-08T22:14:55","guid":{"rendered":"http:\/\/www.obcanskestavby.cz\/?page_id=82"},"modified":"2021-12-01T17:46:16","modified_gmt":"2021-12-01T17:46:16","slug":"realizovane-stavby","status":"publish","type":"page","link":"https:\/\/www.obcanskestavby.cz\/index.php\/realizovane-stavby\/","title":{"rendered":"REALIZOVAN\u00c9 STAVBY"},"content":{"rendered":"<div data-colibri-id=\"82-c1\" class=\"style-970 style-local-82-c1 position-relative\">\n  <!---->\n  <div data-colibri-component=\"section\" data-colibri-id=\"82-c2\" id=\"custom-2\" class=\"h-section h-section-global-spacing d-flex align-items-lg-center align-items-md-center align-items-center style-1023 style-local-82-c2 position-relative\">\n    <!---->\n    <!---->\n    <div class=\"h-section-grid-container h-section-boxed-container\">\n      <!---->\n      <div data-colibri-id=\"82-c3\" class=\"h-row-container gutters-row-lg-2 gutters-row-md-2 gutters-row-0 gutters-row-v-lg-2 gutters-row-v-md-2 gutters-row-v-2 style-1024 style-local-82-c3 position-relative\">\n        <!---->\n        <div class=\"h-row justify-content-lg-center justify-content-md-center justify-content-center align-items-lg-stretch align-items-md-stretch align-items-stretch gutters-col-lg-2 gutters-col-md-2 gutters-col-0 gutters-col-v-lg-2 gutters-col-v-md-2 gutters-col-v-2\">\n          <!---->\n          <div class=\"h-column h-column-container d-flex h-col-lg-auto h-col-md-auto h-col-auto style-1025-outer style-local-82-c4-outer\">\n            <div data-colibri-id=\"82-c4\" class=\"d-flex h-flex-basis h-column__inner h-px-lg-2 h-px-md-2 h-px-2 v-inner-lg-2 v-inner-md-2 v-inner-2 style-1025 style-local-82-c4 position-relative\">\n              <!---->\n              <!---->\n              <div class=\"w-100 h-y-container h-column__content h-column__v-align flex-basis-100 align-self-lg-start align-self-md-start align-self-start\">\n                <!---->\n                <div data-colibri-id=\"82-c5\" class=\"h-text h-text-component style-1026 style-local-82-c5 position-relative h-element\">\n                  <!---->\n                  <!---->\n                  <div class=\"\">\n                    <p>Na t\u00e9to str\u00e1nce naleznete n\u011bkter\u00e9 z n\u00e1mi realizovan\u00fdch staveb.<\/p>\n                  <\/div>\n                <\/div>\n              <\/div>\n            <\/div>\n          <\/div>\n        <\/div>\n      <\/div>\n    <\/div>\n  <\/div>\n  <div data-colibri-component=\"section\" data-colibri-id=\"82-c6\" id=\"reusable-sections\" class=\"h-section h-section-global-spacing d-flex align-items-lg-center align-items-md-center align-items-center style-1027 style-local-82-c6 position-relative\">\n    <!---->\n    <!---->\n    <div class=\"h-section-grid-container h-section-boxed-container\">\n      <!---->\n      <div data-colibri-id=\"82-c7\" class=\"h-row-container gutters-row-lg-2 gutters-row-md-2 gutters-row-0 gutters-row-v-lg-2 gutters-row-v-md-2 gutters-row-v-2 style-1028 style-local-82-c7 position-relative\">\n        <!---->\n        <div class=\"h-row justify-content-lg-center justify-content-md-center justify-content-center align-items-lg-stretch align-items-md-stretch align-items-stretch gutters-col-lg-2 gutters-col-md-2 gutters-col-0 gutters-col-v-lg-2 gutters-col-v-md-2 gutters-col-v-2\">\n          <!---->\n          <div class=\"h-column h-column-container d-flex h-col-lg-auto h-col-md-auto h-col-auto style-1029-outer style-local-82-c8-outer\">\n            <div data-colibri-id=\"82-c8\" class=\"d-flex h-flex-basis h-column__inner h-px-lg-2 h-px-md-2 h-px-2 v-inner-lg-2 v-inner-md-2 v-inner-2 style-1029 style-local-82-c8 position-relative\">\n              <!---->\n              <!---->\n              <div class=\"w-100 h-y-container h-column__content h-column__v-align flex-basis-100 align-self-lg-start align-self-md-start align-self-start\">\n                <!---->\n                <div data-colibri-id=\"82-c9\" class=\"d-block style-1030 style-local-82-c9 position-relative h-element\">\n                  <!---->\n                  <div class=\"h-image__frame-container-outer\">\n                    <a href=\"https:\/\/www.obcanskestavby.cz\/index.php\/novostavby\/\" h-use-smooth-scroll=\"true\" class=\"image-link\">\n                      <div class=\"h-image__frame-container\">\n                        <!---->\n                        <!---->\n                        <img loading=\"lazy\" width=\"2560\" height=\"1543\" src=\"http:\/\/www.obcanskestavby.cz\/wp-content\/uploads\/2021\/11\/novostavby-1-scaled.jpg\" class=\"wp-image-441 style-1030-image style-local-82-c9-image\" srcset=\"https:\/\/www.obcanskestavby.cz\/wp-content\/uploads\/2021\/11\/novostavby-1-scaled.jpg 2560w, https:\/\/www.obcanskestavby.cz\/wp-content\/uploads\/2021\/11\/novostavby-1-300x181.jpg 300w, https:\/\/www.obcanskestavby.cz\/wp-content\/uploads\/2021\/11\/novostavby-1-1024x617.jpg 1024w, https:\/\/www.obcanskestavby.cz\/wp-content\/uploads\/2021\/11\/novostavby-1-768x463.jpg 768w, https:\/\/www.obcanskestavby.cz\/wp-content\/uploads\/2021\/11\/novostavby-1-1536x926.jpg 1536w, https:\/\/www.obcanskestavby.cz\/wp-content\/uploads\/2021\/11\/novostavby-1-2048x1234.jpg 2048w\" sizes=\"(max-width: 2560px) 100vw, 2560px\" alt=\"Novostavby\" \/>\n                        <div class=\"h-image__frame h-hide-lg h-hide-md h-hide-sm style-1030-frameImage style-local-82-c9-frameImage\"><\/div>\n                      <\/div>\n                      <div class=\"style-1030-caption style-local-82-c9-caption\">\n                        NOVOSTAVBY\n                      <\/div>\n                    <\/a>\n                  <\/div>\n                <\/div>\n              <\/div>\n            <\/div>\n          <\/div>\n          <div class=\"h-column h-column-container d-flex h-col-lg-auto h-col-md-auto h-col-auto style-1031-outer style-local-82-c10-outer\">\n            <div data-colibri-id=\"82-c10\" class=\"d-flex h-flex-basis h-column__inner h-px-lg-2 h-px-md-2 h-px-2 v-inner-lg-2 v-inner-md-2 v-inner-2 style-1031 style-local-82-c10 position-relative\">\n              <!---->\n              <!---->\n              <div class=\"w-100 h-y-container h-column__content h-column__v-align flex-basis-100 align-self-lg-start align-self-md-start align-self-start\">\n                <!---->\n                <div data-colibri-id=\"82-c11\" class=\"d-block style-1032 style-local-82-c11 position-relative h-element\">\n                  <!---->\n                  <div class=\"h-image__frame-container-outer\">\n                    <a href=\"https:\/\/www.obcanskestavby.cz\/index.php\/rekonstrukce\/\" h-use-smooth-scroll=\"true\" class=\"image-link\">\n                      <div class=\"h-image__frame-container\">\n                        <!---->\n                        <!---->\n                        <img loading=\"lazy\" width=\"2560\" height=\"1543\" src=\"http:\/\/www.obcanskestavby.cz\/wp-content\/uploads\/2021\/11\/rekonstrukce-1-scaled.jpg\" class=\"wp-image-442 style-1032-image style-local-82-c11-image\" srcset=\"https:\/\/www.obcanskestavby.cz\/wp-content\/uploads\/2021\/11\/rekonstrukce-1-scaled.jpg 2560w, https:\/\/www.obcanskestavby.cz\/wp-content\/uploads\/2021\/11\/rekonstrukce-1-300x181.jpg 300w, https:\/\/www.obcanskestavby.cz\/wp-content\/uploads\/2021\/11\/rekonstrukce-1-1024x617.jpg 1024w, https:\/\/www.obcanskestavby.cz\/wp-content\/uploads\/2021\/11\/rekonstrukce-1-768x463.jpg 768w, https:\/\/www.obcanskestavby.cz\/wp-content\/uploads\/2021\/11\/rekonstrukce-1-1536x926.jpg 1536w, https:\/\/www.obcanskestavby.cz\/wp-content\/uploads\/2021\/11\/rekonstrukce-1-2048x1234.jpg 2048w\" sizes=\"(max-width: 2560px) 100vw, 2560px\" alt=\"\" \/>\n                        <div class=\"h-image__frame h-hide-lg h-hide-md h-hide-sm style-1032-frameImage style-local-82-c11-frameImage\"><\/div>\n                      <\/div>\n                      <div class=\"style-1032-caption style-local-82-c11-caption\">\n                        REKONSTRUKCE\n                      <\/div>\n                    <\/a>\n                  <\/div>\n                <\/div>\n              <\/div>\n            <\/div>\n          <\/div>\n          <div class=\"h-column h-column-container d-flex h-col-lg-auto h-col-md-auto h-col-auto style-1033-outer style-local-82-c12-outer\">\n            <div data-colibri-id=\"82-c12\" class=\"d-flex h-flex-basis h-column__inner h-px-lg-2 h-px-md-2 h-px-2 v-inner-lg-2 v-inner-md-2 v-inner-2 style-1033 style-local-82-c12 position-relative\">\n              <!---->\n              <!---->\n              <div class=\"w-100 h-y-container h-column__content h-column__v-align flex-basis-100 align-self-lg-start align-self-md-start align-self-start\">\n                <!---->\n                <div data-colibri-id=\"82-c13\" class=\"d-block style-1034 style-local-82-c13 position-relative h-element\">\n                  <!---->\n                  <div class=\"h-image__frame-container-outer\">\n                    <a href=\"https:\/\/www.obcanskestavby.cz\/index.php\/pristavby-nadstavby\/\" h-use-smooth-scroll=\"true\" class=\"image-link\">\n                      <div class=\"h-image__frame-container\">\n                        <!---->\n                        <!---->\n                        <img loading=\"lazy\" width=\"2560\" height=\"1543\" src=\"http:\/\/www.obcanskestavby.cz\/wp-content\/uploads\/2021\/11\/pristavby-1-scaled.jpg\" class=\"wp-image-443 style-1034-image style-local-82-c13-image\" srcset=\"https:\/\/www.obcanskestavby.cz\/wp-content\/uploads\/2021\/11\/pristavby-1-scaled.jpg 2560w, https:\/\/www.obcanskestavby.cz\/wp-content\/uploads\/2021\/11\/pristavby-1-300x181.jpg 300w, https:\/\/www.obcanskestavby.cz\/wp-content\/uploads\/2021\/11\/pristavby-1-1024x617.jpg 1024w, https:\/\/www.obcanskestavby.cz\/wp-content\/uploads\/2021\/11\/pristavby-1-768x463.jpg 768w, https:\/\/www.obcanskestavby.cz\/wp-content\/uploads\/2021\/11\/pristavby-1-1536x926.jpg 1536w, https:\/\/www.obcanskestavby.cz\/wp-content\/uploads\/2021\/11\/pristavby-1-2048x1234.jpg 2048w\" sizes=\"(max-width: 2560px) 100vw, 2560px\" alt=\"\" \/>\n                        <div class=\"h-image__frame h-hide-lg h-hide-md h-hide-sm style-1034-frameImage style-local-82-c13-frameImage\"><\/div>\n                      <\/div>\n                      <div class=\"style-1034-caption style-local-82-c13-caption\">\n                        P\u0158\u00cdSTAVBY &#8211; NADSTAVBY\n                      <\/div>\n                    <\/a>\n                  <\/div>\n                <\/div>\n              <\/div>\n            <\/div>\n          <\/div>\n        <\/div>\n      <\/div>\n      <div data-colibri-id=\"82-c14\" class=\"h-row-container gutters-row-lg-2 gutters-row-md-2 gutters-row-0 gutters-row-v-lg-2 gutters-row-v-md-2 gutters-row-v-2 style-1035 style-local-82-c14 position-relative\">\n        <!---->\n        <div class=\"h-row justify-content-lg-center justify-content-md-center justify-content-center align-items-lg-stretch align-items-md-stretch align-items-stretch gutters-col-lg-2 gutters-col-md-2 gutters-col-0 gutters-col-v-lg-2 gutters-col-v-md-2 gutters-col-v-2\">\n          <!---->\n          <div class=\"h-column h-column-container d-flex h-col-lg-auto h-col-md-auto h-col-auto style-1036-outer style-local-82-c15-outer\">\n            <div data-colibri-id=\"82-c15\" class=\"d-flex h-flex-basis h-column__inner h-px-lg-2 h-px-md-2 h-px-2 v-inner-lg-2 v-inner-md-2 v-inner-2 style-1036 style-local-82-c15 position-relative\">\n              <!---->\n              <!---->\n              <div class=\"w-100 h-y-container h-column__content h-column__v-align flex-basis-100 align-self-lg-start align-self-md-start align-self-start\">\n                <!---->\n                <div data-colibri-id=\"82-c16\" class=\"d-block style-1037 style-local-82-c16 position-relative h-element\">\n                  <!---->\n                  <div class=\"h-image__frame-container-outer\">\n                    <a href=\"https:\/\/www.obcanskestavby.cz\/index.php\/prumyslove-stavby\/\" h-use-smooth-scroll=\"true\" class=\"image-link\">\n                      <div class=\"h-image__frame-container\">\n                        <!---->\n                        <!---->\n                        <img loading=\"lazy\" width=\"2560\" height=\"1543\" src=\"http:\/\/www.obcanskestavby.cz\/wp-content\/uploads\/2021\/11\/prumyslove-budovy-scaled.jpg\" class=\"wp-image-433 style-1037-image style-local-82-c16-image\" srcset=\"https:\/\/www.obcanskestavby.cz\/wp-content\/uploads\/2021\/11\/prumyslove-budovy-scaled.jpg 2560w, https:\/\/www.obcanskestavby.cz\/wp-content\/uploads\/2021\/11\/prumyslove-budovy-300x181.jpg 300w, https:\/\/www.obcanskestavby.cz\/wp-content\/uploads\/2021\/11\/prumyslove-budovy-1024x617.jpg 1024w, https:\/\/www.obcanskestavby.cz\/wp-content\/uploads\/2021\/11\/prumyslove-budovy-768x463.jpg 768w, https:\/\/www.obcanskestavby.cz\/wp-content\/uploads\/2021\/11\/prumyslove-budovy-1536x926.jpg 1536w, https:\/\/www.obcanskestavby.cz\/wp-content\/uploads\/2021\/11\/prumyslove-budovy-2048x1234.jpg 2048w\" sizes=\"(max-width: 2560px) 100vw, 2560px\" alt=\"\" \/>\n                        <div class=\"h-image__frame h-hide-lg h-hide-md h-hide-sm style-1037-frameImage style-local-82-c16-frameImage\"><\/div>\n                      <\/div>\n                      <div class=\"style-1037-caption style-local-82-c16-caption\">\n                        PR\u016eMYSLOV\u00c9 STAVBY\n                      <\/div>\n                    <\/a>\n                  <\/div>\n                <\/div>\n              <\/div>\n            <\/div>\n          <\/div>\n          <div class=\"h-column h-column-container d-flex h-col-lg-auto h-col-md-auto h-col-auto style-1038-outer style-local-82-c17-outer\">\n            <div data-colibri-id=\"82-c17\" class=\"d-flex h-flex-basis h-column__inner h-px-lg-2 h-px-md-2 h-px-2 v-inner-lg-2 v-inner-md-2 v-inner-2 style-1038 style-local-82-c17 position-relative\">\n              <!---->\n              <!---->\n              <div class=\"w-100 h-y-container h-column__content h-column__v-align flex-basis-100 align-self-lg-start align-self-md-start align-self-start\">\n                <!---->\n                <div data-colibri-id=\"82-c18\" class=\"d-block style-1039 style-local-82-c18 position-relative h-element\">\n                  <!---->\n                  <div class=\"h-image__frame-container-outer\">\n                    <a href=\"https:\/\/www.obcanskestavby.cz\/index.php\/zemedelske-stavby\/\" h-use-smooth-scroll=\"true\" class=\"image-link\">\n                      <div class=\"h-image__frame-container\">\n                        <!---->\n                        <!---->\n                        <img loading=\"lazy\" width=\"2560\" height=\"1543\" src=\"http:\/\/www.obcanskestavby.cz\/wp-content\/uploads\/2021\/11\/zemedelske-stavby-scaled.jpg\" class=\"wp-image-435 style-1039-image style-local-82-c18-image\" srcset=\"https:\/\/www.obcanskestavby.cz\/wp-content\/uploads\/2021\/11\/zemedelske-stavby-scaled.jpg 2560w, https:\/\/www.obcanskestavby.cz\/wp-content\/uploads\/2021\/11\/zemedelske-stavby-300x181.jpg 300w, https:\/\/www.obcanskestavby.cz\/wp-content\/uploads\/2021\/11\/zemedelske-stavby-1024x617.jpg 1024w, https:\/\/www.obcanskestavby.cz\/wp-content\/uploads\/2021\/11\/zemedelske-stavby-768x463.jpg 768w, https:\/\/www.obcanskestavby.cz\/wp-content\/uploads\/2021\/11\/zemedelske-stavby-1536x926.jpg 1536w, https:\/\/www.obcanskestavby.cz\/wp-content\/uploads\/2021\/11\/zemedelske-stavby-2048x1234.jpg 2048w\" sizes=\"(max-width: 2560px) 100vw, 2560px\" alt=\"\" \/>\n                        <div class=\"h-image__frame h-hide-lg h-hide-md h-hide-sm style-1039-frameImage style-local-82-c18-frameImage\"><\/div>\n                      <\/div>\n                      <div class=\"style-1039-caption style-local-82-c18-caption\">\n                        ZEM\u011aD\u011aLSK\u00c9 STAVBY\n                      <\/div>\n                    <\/a>\n                  <\/div>\n                <\/div>\n              <\/div>\n            <\/div>\n          <\/div>\n          <div class=\"h-column h-column-container d-flex h-col-lg-auto h-col-md-auto h-col-auto style-1040-outer style-local-82-c19-outer\">\n            <div data-colibri-id=\"82-c19\" class=\"d-flex h-flex-basis h-column__inner h-px-lg-2 h-px-md-2 h-px-2 v-inner-lg-2 v-inner-md-2 v-inner-2 style-1040 style-local-82-c19 position-relative\">\n              <!---->\n              <!---->\n              <div class=\"w-100 h-y-container h-column__content h-column__v-align flex-basis-100 align-self-lg-start align-self-md-start align-self-start\">\n                <!---->\n                <div data-colibri-id=\"82-c20\" class=\"d-block style-1041 style-local-82-c20 position-relative h-element\">\n                  <!---->\n                  <div class=\"h-image__frame-container-outer\">\n                    <a href=\"https:\/\/www.obcanskestavby.cz\/index.php\/pamatky\/\" h-use-smooth-scroll=\"true\" class=\"image-link\">\n                      <div class=\"h-image__frame-container\">\n                        <!---->\n                        <!---->\n                        <img loading=\"lazy\" width=\"2560\" height=\"1543\" src=\"http:\/\/www.obcanskestavby.cz\/wp-content\/uploads\/2021\/11\/pamatky-scaled.jpg\" class=\"wp-image-431 style-1041-image style-local-82-c20-image\" srcset=\"https:\/\/www.obcanskestavby.cz\/wp-content\/uploads\/2021\/11\/pamatky-scaled.jpg 2560w, https:\/\/www.obcanskestavby.cz\/wp-content\/uploads\/2021\/11\/pamatky-300x181.jpg 300w, https:\/\/www.obcanskestavby.cz\/wp-content\/uploads\/2021\/11\/pamatky-1024x617.jpg 1024w, https:\/\/www.obcanskestavby.cz\/wp-content\/uploads\/2021\/11\/pamatky-768x463.jpg 768w, https:\/\/www.obcanskestavby.cz\/wp-content\/uploads\/2021\/11\/pamatky-1536x926.jpg 1536w, https:\/\/www.obcanskestavby.cz\/wp-content\/uploads\/2021\/11\/pamatky-2048x1234.jpg 2048w\" sizes=\"(max-width: 2560px) 100vw, 2560px\" alt=\"\" \/>\n                        <div class=\"h-image__frame h-hide-lg h-hide-md h-hide-sm style-1041-frameImage style-local-82-c20-frameImage\"><\/div>\n                      <\/div>\n                      <div class=\"style-1041-caption style-local-82-c20-caption\">\n                        PAM\u00c1TKY\n                      <\/div>\n                    <\/a>\n                  <\/div>\n                <\/div>\n              <\/div>\n            <\/div>\n          <\/div>\n        <\/div>\n      <\/div>\n    <\/div>\n  <\/div>\n<\/div>","protected":false},"excerpt":{"rendered":"<p>Na t\u00e9to str\u00e1nce naleznete n\u011bkter\u00e9 z n\u00e1mi realizovan\u00fdch staveb. NOVOSTAVBY REKONSTRUKCE P\u0158\u00cdSTAVBY &#8211; NADSTAVBY PR\u016eMYSLOV\u00c9 STAVBY ZEM\u011aD\u011aLSK\u00c9 STAVBY PAM\u00c1TKY<\/p>\n","protected":false},"author":1,"featured_media":0,"parent":0,"menu_order":0,"comment_status":"closed","ping_status":"closed","template":"page-templates\/full-width-page.php","meta":[],"_links":{"self":[{"href":"https:\/\/www.obcanskestavby.cz\/index.php\/wp-json\/wp\/v2\/pages\/82"}],"collection":[{"href":"https:\/\/www.obcanskestavby.cz\/index.php\/wp-json\/wp\/v2\/pages"}],"about":[{"href":"https:\/\/www.obcanskestavby.cz\/index.php\/wp-json\/wp\/v2\/types\/page"}],"author":[{"embeddable":true,"href":"https:\/\/www.obcanskestavby.cz\/index.php\/wp-json\/wp\/v2\/users\/1"}],"replies":[{"embeddable":true,"href":"https:\/\/www.obcanskestavby.cz\/index.php\/wp-json\/wp\/v2\/comments?post=82"}],"version-history":[{"count":20,"href":"https:\/\/www.obcanskestavby.cz\/index.php\/wp-json\/wp\/v2\/pages\/82\/revisions"}],"predecessor-version":[{"id":2637,"href":"https:\/\/www.obcanskestavby.cz\/index.php\/wp-json\/wp\/v2\/pages\/82\/revisions\/2637"}],"wp:attachment":[{"href":"https:\/\/www.obcanskestavby.cz\/index.php\/wp-json\/wp\/v2\/media?parent=82"}],"curies":[{"name":"wp","href":"https:\/\/api.w.org\/{rel}","templated":true}]}}